{"id":751,"date":"2014-03-03T10:50:30","date_gmt":"2014-03-03T08:50:30","guid":{"rendered":"http:\/\/www.landhaus-osterholte.de\/wordpress\/?page_id=751"},"modified":"2025-07-22T10:31:22","modified_gmt":"2025-07-22T08:31:22","slug":"der-saal","status":"publish","type":"page","link":"http:\/\/www.landhaus-osterholte.de\/wordpress\/landhaus-osterholte\/der-saal\/","title":{"rendered":"Der Saal"},"content":{"rendered":"<p><a class=\"thickbox\" title=\"Saal eingedeckt f\u00fcr 60 Personen\" href=\"http:\/\/www.landhaus-osterholte.de\/wordpress\/wp-content\/uploads\/2014\/03\/Saal_Hussen_1.jpg\" rel=\"next\"><img loading=\"lazy\" decoding=\"async\" class=\"alignnone size-medium wp-image-1501\" title=\"Saal eingedeckt f\u00fcr 60 Personen\" src=\"http:\/\/www.landhaus-osterholte.de\/wordpress\/wp-content\/uploads\/2014\/03\/Saal_Hussen_1-690x302.jpg\" alt=\"Saal eingedeckt f\u00fcr 60 Personen\" width=\"690\" height=\"302\" srcset=\"http:\/\/www.landhaus-osterholte.de\/wordpress\/wp-content\/uploads\/2014\/03\/Saal_Hussen_1-690x302.jpg 690w, http:\/\/www.landhaus-osterholte.de\/wordpress\/wp-content\/uploads\/2014\/03\/Saal_Hussen_1-1024x448.jpg 1024w, http:\/\/www.landhaus-osterholte.de\/wordpress\/wp-content\/uploads\/2014\/03\/Saal_Hussen_1-120x52.jpg 120w, http:\/\/www.landhaus-osterholte.de\/wordpress\/wp-content\/uploads\/2014\/03\/Saal_Hussen_1.jpg 1997w\" sizes=\"auto, (max-width: 690px) 100vw, 690px\" \/><\/a><\/p>\n<p>Der historische Saal im Landhaus Osterholte blickt auf eine lange Geschichte zur\u00fcck. Erbaut um 1620 ist er heute, mehr als 300 Jahre sp\u00e4ter, eine ideale Location f\u00fcr Ihre Familien- oder Betriebsfeier.<\/p>\n<p>Ob Hochzeiten, Geburtstage, Jubil\u00e4en, Tagungen oder andere Feierlichkeiten bietet er Platz f\u00fcr bis zu 120 G\u00e4ste. Durch das Zweist\u00e4nder Bauwerk ist auch ab 50 G\u00e4sten viel Gem\u00fctlichkeit gew\u00e4hrleistet.<\/p>\n<p>F\u00fcr Hochzeitspaare empfiehlt sich zum Beispiel unser Angebot <a href=\"http:\/\/www.landhaus-osterholte.de\/wordpress\/feste-feiern\/hochzeiten-im-landhaus\/hochzeiten-zum-festpreis\/\">Hochzeit zum Festpreis<\/a>.<\/p>\n<p>&nbsp;<\/p>\n<p><img loading=\"lazy\" decoding=\"async\" class=\"alignnone wp-image-2772 size-full\" title=\"Unser Saal eignet sich ideal f\u00fcr Hochzeitsfeiern\" src=\"http:\/\/www.landhaus-osterholte.de\/wordpress\/wp-content\/uploads\/2025\/07\/lo10.jpeg\" alt=\"\" width=\"1600\" height=\"1200\" srcset=\"http:\/\/www.landhaus-osterholte.de\/wordpress\/wp-content\/uploads\/2025\/07\/lo10.jpeg 1600w, http:\/\/www.landhaus-osterholte.de\/wordpress\/wp-content\/uploads\/2025\/07\/lo10-690x518.jpeg 690w, http:\/\/www.landhaus-osterholte.de\/wordpress\/wp-content\/uploads\/2025\/07\/lo10-1024x768.jpeg 1024w, http:\/\/www.landhaus-osterholte.de\/wordpress\/wp-content\/uploads\/2025\/07\/lo10-768x576.jpeg 768w, http:\/\/www.landhaus-osterholte.de\/wordpress\/wp-content\/uploads\/2025\/07\/lo10-1536x1152.jpeg 1536w\" sizes=\"auto, (max-width: 767px) 89vw, (max-width: 1000px) 54vw, (max-width: 1071px) 543px, 580px\" \/><\/p>\n<p><img loading=\"lazy\" decoding=\"async\" class=\"alignnone wp-image-2770 size-full\" title=\"Unser Saal eignet sich ideal f\u00fcr Hochzeitsfeiern\" src=\"http:\/\/www.landhaus-osterholte.de\/wordpress\/wp-content\/uploads\/2025\/07\/lo8.jpeg\" alt=\"\" width=\"1466\" height=\"2048\" srcset=\"http:\/\/www.landhaus-osterholte.de\/wordpress\/wp-content\/uploads\/2025\/07\/lo8.jpeg 1466w, http:\/\/www.landhaus-osterholte.de\/wordpress\/wp-content\/uploads\/2025\/07\/lo8-690x964.jpeg 690w, http:\/\/www.landhaus-osterholte.de\/wordpress\/wp-content\/uploads\/2025\/07\/lo8-733x1024.jpeg 733w, http:\/\/www.landhaus-osterholte.de\/wordpress\/wp-content\/uploads\/2025\/07\/lo8-768x1073.jpeg 768w, http:\/\/www.landhaus-osterholte.de\/wordpress\/wp-content\/uploads\/2025\/07\/lo8-1100x1536.jpeg 1100w\" sizes=\"auto, (max-width: 767px) 89vw, (max-width: 1000px) 54vw, (max-width: 1071px) 543px, 580px\" \/><\/p>\n<p><img loading=\"lazy\" decoding=\"async\" class=\"alignnone wp-image-2771 size-full\" title=\"Unser Saal eignet sich ideal f\u00fcr Hochzeitsfeiern\" src=\"http:\/\/www.landhaus-osterholte.de\/wordpress\/wp-content\/uploads\/2025\/07\/lo9.jpeg\" alt=\"\" width=\"1774\" height=\"2048\" srcset=\"http:\/\/www.landhaus-osterholte.de\/wordpress\/wp-content\/uploads\/2025\/07\/lo9.jpeg 1774w, http:\/\/www.landhaus-osterholte.de\/wordpress\/wp-content\/uploads\/2025\/07\/lo9-690x797.jpeg 690w, http:\/\/www.landhaus-osterholte.de\/wordpress\/wp-content\/uploads\/2025\/07\/lo9-887x1024.jpeg 887w, http:\/\/www.landhaus-osterholte.de\/wordpress\/wp-content\/uploads\/2025\/07\/lo9-768x887.jpeg 768w, http:\/\/www.landhaus-osterholte.de\/wordpress\/wp-content\/uploads\/2025\/07\/lo9-1331x1536.jpeg 1331w\" sizes=\"auto, (max-width: 767px) 89vw, (max-width: 1000px) 54vw, (max-width: 1071px) 543px, 580px\" \/><\/p>\n<p><img loading=\"lazy\" decoding=\"async\" class=\"alignnone wp-image-2773 size-full\" title=\"Unser Saal eignet sich ideal f\u00fcr Hochzeitsfeiern\" src=\"http:\/\/www.landhaus-osterholte.de\/wordpress\/wp-content\/uploads\/2025\/07\/lo11.jpeg\" alt=\"\" width=\"1200\" height=\"1600\" srcset=\"http:\/\/www.landhaus-osterholte.de\/wordpress\/wp-content\/uploads\/2025\/07\/lo11.jpeg 1200w, http:\/\/www.landhaus-osterholte.de\/wordpress\/wp-content\/uploads\/2025\/07\/lo11-690x920.jpeg 690w, http:\/\/www.landhaus-osterholte.de\/wordpress\/wp-content\/uploads\/2025\/07\/lo11-768x1024.jpeg 768w, http:\/\/www.landhaus-osterholte.de\/wordpress\/wp-content\/uploads\/2025\/07\/lo11-1152x1536.jpeg 1152w\" sizes=\"auto, (max-width: 767px) 89vw, (max-width: 1000px) 54vw, (max-width: 1071px) 543px, 580px\" \/><\/p>\n<p><img loading=\"lazy\" decoding=\"async\" class=\"alignnone wp-image-2767 size-full\" title=\"Unser Saal eignet sich ideal f\u00fcr Hochzeitsfeiern\" src=\"http:\/\/www.landhaus-osterholte.de\/wordpress\/wp-content\/uploads\/2025\/07\/lo5.jpeg\" alt=\"\" width=\"1536\" height=\"2048\" srcset=\"http:\/\/www.landhaus-osterholte.de\/wordpress\/wp-content\/uploads\/2025\/07\/lo5.jpeg 1536w, http:\/\/www.landhaus-osterholte.de\/wordpress\/wp-content\/uploads\/2025\/07\/lo5-690x920.jpeg 690w, http:\/\/www.landhaus-osterholte.de\/wordpress\/wp-content\/uploads\/2025\/07\/lo5-768x1024.jpeg 768w, http:\/\/www.landhaus-osterholte.de\/wordpress\/wp-content\/uploads\/2025\/07\/lo5-1152x1536.jpeg 1152w\" sizes=\"auto, (max-width: 767px) 89vw, (max-width: 1000px) 54vw, (max-width: 1071px) 543px, 580px\" \/><\/p>\n<p><a class=\"thickbox\" title=\"Unser Saal eignet sich ideal f\u00fcr Hochzeitsfeiern\" href=\"http:\/\/www.landhaus-osterholte.de\/wordpress\/wp-content\/uploads\/2014\/03\/Saal_Hussen_2.jpg\" rel=\"next\"><img loading=\"lazy\" decoding=\"async\" class=\"alignnone wp-image-1502\" title=\"Unser Saal eignet sich ideal f\u00fcr Hochzeitsfeiern\" src=\"http:\/\/www.landhaus-osterholte.de\/wordpress\/wp-content\/uploads\/2014\/03\/Saal_Hussen_2-690x460.jpg\" alt=\"Unser Saal eignet sich ideal f\u00fcr Hochzeitsfeiern\" width=\"328\" height=\"219\" srcset=\"http:\/\/www.landhaus-osterholte.de\/wordpress\/wp-content\/uploads\/2014\/03\/Saal_Hussen_2-690x460.jpg 690w, http:\/\/www.landhaus-osterholte.de\/wordpress\/wp-content\/uploads\/2014\/03\/Saal_Hussen_2-1024x683.jpg 1024w, http:\/\/www.landhaus-osterholte.de\/wordpress\/wp-content\/uploads\/2014\/03\/Saal_Hussen_2-120x80.jpg 120w, http:\/\/www.landhaus-osterholte.de\/wordpress\/wp-content\/uploads\/2014\/03\/Saal_Hussen_2.jpg 2000w\" sizes=\"auto, (max-width: 328px) 100vw, 328px\" \/><\/a><a class=\"thickbox\" title=\"Saal mit gro\u00dfer Theke\" href=\"http:\/\/www.landhaus-osterholte.de\/wordpress\/wp-content\/uploads\/2014\/03\/Saal_Hussen_4.jpg\" rel=\"next\"><img loading=\"lazy\" decoding=\"async\" class=\"alignnone wp-image-1503\" title=\"Saal mit gro\u00dfer Theke\" src=\"http:\/\/www.landhaus-osterholte.de\/wordpress\/wp-content\/uploads\/2014\/03\/Saal_Hussen_4-690x460.jpg\" alt=\"Saal mit gro\u00dfer Theke\" width=\"327\" height=\"218\" srcset=\"http:\/\/www.landhaus-osterholte.de\/wordpress\/wp-content\/uploads\/2014\/03\/Saal_Hussen_4-690x460.jpg 690w, http:\/\/www.landhaus-osterholte.de\/wordpress\/wp-content\/uploads\/2014\/03\/Saal_Hussen_4-1024x683.jpg 1024w, http:\/\/www.landhaus-osterholte.de\/wordpress\/wp-content\/uploads\/2014\/03\/Saal_Hussen_4-120x80.jpg 120w, http:\/\/www.landhaus-osterholte.de\/wordpress\/wp-content\/uploads\/2014\/03\/Saal_Hussen_4.jpg 2000w\" sizes=\"auto, (max-width: 327px) 100vw, 327px\" \/><\/a><\/p>\n<p><a href=\"http:\/\/www.landhaus-osterholte.de\/wordpress\/wp-content\/uploads\/2014\/03\/Saal_Hussen_3.jpg\"><img loading=\"lazy\" decoding=\"async\" class=\"alignnone wp-image-1504\" title=\"Saal_Hussen_3\" src=\"http:\/\/www.landhaus-osterholte.de\/wordpress\/wp-content\/uploads\/2014\/03\/Saal_Hussen_3-690x460.jpg\" alt=\"Saal_Hussen_3\" width=\"330\" height=\"220\" srcset=\"http:\/\/www.landhaus-osterholte.de\/wordpress\/wp-content\/uploads\/2014\/03\/Saal_Hussen_3-690x460.jpg 690w, http:\/\/www.landhaus-osterholte.de\/wordpress\/wp-content\/uploads\/2014\/03\/Saal_Hussen_3-1024x683.jpg 1024w, http:\/\/www.landhaus-osterholte.de\/wordpress\/wp-content\/uploads\/2014\/03\/Saal_Hussen_3-120x80.jpg 120w, http:\/\/www.landhaus-osterholte.de\/wordpress\/wp-content\/uploads\/2014\/03\/Saal_Hussen_3.jpg 2000w\" sizes=\"auto, (max-width: 330px) 100vw, 330px\" \/><\/a><a class=\"thickbox\" title=\"Quadratische Tische f\u00fcr 8-10 Personen\" href=\"http:\/\/www.landhaus-osterholte.de\/wordpress\/wp-content\/uploads\/2014\/03\/Saal_Tisch_1.jpg\" rel=\"next\"><img loading=\"lazy\" decoding=\"async\" class=\"alignnone wp-image-1505\" title=\"Quadratische Tische f\u00fcr 8-10 Personen\" src=\"http:\/\/www.landhaus-osterholte.de\/wordpress\/wp-content\/uploads\/2014\/03\/Saal_Tisch_1-690x460.jpg\" alt=\"Quadratische Tische f\u00fcr 8-10 Personen\" width=\"324\" height=\"221\" \/><\/a><\/p>\n","protected":false},"excerpt":{"rendered":"<p>Der historische Saal im Landhaus Osterholte blickt auf eine lange Geschichte zur\u00fcck. Erbaut um 1620 ist er heute, mehr als 300 Jahre sp\u00e4ter, eine ideale Location f\u00fcr Ihre Familien- oder Betriebsfeier. Ob Hochzeiten, Geburtstage, Jubil\u00e4en, Tagungen oder andere Feierlichkeiten bietet er Platz f\u00fcr bis zu 120 G\u00e4ste. Durch das Zweist\u00e4nder Bauwerk ist auch ab 50 &hellip; <\/p>\n<p class=\"link-more\"><a href=\"http:\/\/www.landhaus-osterholte.de\/wordpress\/landhaus-osterholte\/der-saal\/\" class=\"more-link\"><span class=\"screen-reader-text\">\u201eDer Saal\u201c<\/span> weiterlesen<\/a><\/p>\n","protected":false},"author":1,"featured_media":0,"parent":2,"menu_order":1,"comment_status":"closed","ping_status":"open","template":"","meta":{"footnotes":""},"class_list":["post-751","page","type-page","status-publish","hentry"],"_links":{"self":[{"href":"http:\/\/www.landhaus-osterholte.de\/wordpress\/wp-json\/wp\/v2\/pages\/751","targetHints":{"allow":["GET"]}}],"collection":[{"href":"http:\/\/www.landhaus-osterholte.de\/wordpress\/wp-json\/wp\/v2\/pages"}],"about":[{"href":"http:\/\/www.landhaus-osterholte.de\/wordpress\/wp-json\/wp\/v2\/types\/page"}],"author":[{"embeddable":true,"href":"http:\/\/www.landhaus-osterholte.de\/wordpress\/wp-json\/wp\/v2\/users\/1"}],"replies":[{"embeddable":true,"href":"http:\/\/www.landhaus-osterholte.de\/wordpress\/wp-json\/wp\/v2\/comments?post=751"}],"version-history":[{"count":11,"href":"http:\/\/www.landhaus-osterholte.de\/wordpress\/wp-json\/wp\/v2\/pages\/751\/revisions"}],"predecessor-version":[{"id":2776,"href":"http:\/\/www.landhaus-osterholte.de\/wordpress\/wp-json\/wp\/v2\/pages\/751\/revisions\/2776"}],"up":[{"embeddable":true,"href":"http:\/\/www.landhaus-osterholte.de\/wordpress\/wp-json\/wp\/v2\/pages\/2"}],"wp:attachment":[{"href":"http:\/\/www.landhaus-osterholte.de\/wordpress\/wp-json\/wp\/v2\/media?parent=751"}],"curies":[{"name":"wp","href":"https:\/\/api.w.org\/{rel}","templated":true}]}}