{"id":2,"date":"2014-01-20T15:38:23","date_gmt":"2014-01-20T13:38:23","guid":{"rendered":"http:\/\/www.landhaus-osterholte.de\/wordpress\/?page_id=2"},"modified":"2025-08-10T08:35:19","modified_gmt":"2025-08-10T06:35:19","slug":"landhaus-osterholte","status":"publish","type":"page","link":"http:\/\/www.landhaus-osterholte.de\/wordpress\/landhaus-osterholte\/","title":{"rendered":"Landhaus Osterholte"},"content":{"rendered":"<p><a href=\"http:\/\/www.landhaus-osterholte.de\/wordpress\/wp-content\/uploads\/2014\/01\/Landhaus_Osterholte_Front_1.jpg\"><img loading=\"lazy\" decoding=\"async\" class=\"alignnone size-medium wp-image-1479\" title=\"Landhaus_Osterholte_Front_1\" src=\"http:\/\/www.landhaus-osterholte.de\/wordpress\/wp-content\/uploads\/2014\/01\/Landhaus_Osterholte_Front_1-690x319.jpg\" alt=\"Landhaus_Osterholte_Front_1\" width=\"690\" height=\"319\" srcset=\"http:\/\/www.landhaus-osterholte.de\/wordpress\/wp-content\/uploads\/2014\/01\/Landhaus_Osterholte_Front_1-690x319.jpg 690w, http:\/\/www.landhaus-osterholte.de\/wordpress\/wp-content\/uploads\/2014\/01\/Landhaus_Osterholte_Front_1-1024x473.jpg 1024w, http:\/\/www.landhaus-osterholte.de\/wordpress\/wp-content\/uploads\/2014\/01\/Landhaus_Osterholte_Front_1-120x55.jpg 120w, http:\/\/www.landhaus-osterholte.de\/wordpress\/wp-content\/uploads\/2014\/01\/Landhaus_Osterholte_Front_1.jpg 2000w\" sizes=\"auto, (max-width: 690px) 100vw, 690px\" \/><\/a><\/p>\n<p>Das Landhaus Osterholte liegt wundersch\u00f6n am Rande der Wildeshauser Geest. Rund 30 Minuten Autofahrt s\u00fcdlich von Bremen l\u00e4dt es zu einem Ausflug ein.<\/p>\n<p>Schon in den 50er und 60er Jahren wurden hier Hochzeiten gefeiert.<\/p>\n<p>In 1979 wurde die damalige &#8222;Gastst\u00e4tte Petermann&#8220; von Grund auf renoviert. Im Hauptgeb\u00e4ude wurden Clubzimmer eingerichtet, der Saal um eine gro\u00dfe Theke erweitert, ein Anbau wurde f\u00fcr K\u00fcche und Toiletten errichtet und aus dem alte Schweinestall enstand die Kegelbahn.<\/p>\n<p>In 2009 wurde der alte Gasthof zum &#8222;Landhaus Osterholte&#8220; umbenannt. Der <a title=\"Saal\" href=\"http:\/\/www.landhaus-osterholte.de\/wordpress\/landhaus-osterholte\/der-saal\/\">Saal <\/a>hat seinen historischen Charakter bis heute erhalten.<\/p>\n<p>In 2010 wurde der <a title=\"Sommergarten\" href=\"https:\/\/www.landhaus-osterholte.de\/wordpress\/landhaus-osterholte\/der-sommergarten\/\">Sommergarten <\/a>hinter dem Landhaus Osterholte er\u00f6ffnet.<\/p>\n<p>Auf den folgenden Seiten k\u00f6nnen Sie sich umfassend \u00fcber unser Haus und unser Angebot informieren.<\/p>\n<p><a href=\"http:\/\/www.landhaus-osterholte.de\/wordpress\/wp-content\/uploads\/2014\/01\/Landhaus_Osterholte_Front_2.jpg\"><img loading=\"lazy\" decoding=\"async\" class=\"alignnone  wp-image-1481\" title=\"Landhaus_Osterholte_Front_2\" src=\"http:\/\/www.landhaus-osterholte.de\/wordpress\/wp-content\/uploads\/2014\/01\/Landhaus_Osterholte_Front_2-690x460.jpg\" alt=\"Landhaus_Osterholte_Front_2\" width=\"282\" height=\"185\" \/><\/a><a class=\"thickbox\" title=\"Landhaus Osterholte am Rande der Wildeshauser Geest\" href=\"http:\/\/www.landhaus-osterholte.de\/wordpress\/wp-content\/uploads\/2014\/03\/landhaus-osterholte-01.jpg\" rel=\"next\"><img loading=\"lazy\" decoding=\"async\" class=\"alignnone  wp-image-655\" title=\"landhaus-osterholte-01\" src=\"http:\/\/www.landhaus-osterholte.de\/wordpress\/wp-content\/uploads\/2014\/03\/landhaus-osterholte-01-690x460.jpg\" alt=\"landhaus-osterholte-01\" width=\"279\" height=\"186\" srcset=\"http:\/\/www.landhaus-osterholte.de\/wordpress\/wp-content\/uploads\/2014\/03\/landhaus-osterholte-01-690x460.jpg 690w, http:\/\/www.landhaus-osterholte.de\/wordpress\/wp-content\/uploads\/2014\/03\/landhaus-osterholte-01-120x80.jpg 120w, http:\/\/www.landhaus-osterholte.de\/wordpress\/wp-content\/uploads\/2014\/03\/landhaus-osterholte-01.jpg 720w\" sizes=\"auto, (max-width: 279px) 100vw, 279px\" \/><\/a><\/p>\n<p><a href=\"http:\/\/www.landhaus-osterholte.de\/wordpress\/wp-content\/uploads\/2014\/01\/Landhaus_Osterholte_Front_3.jpg\"><img loading=\"lazy\" decoding=\"async\" class=\"alignnone  wp-image-1482\" title=\"Landhaus_Osterholte_Front_3\" src=\"http:\/\/www.landhaus-osterholte.de\/wordpress\/wp-content\/uploads\/2014\/01\/Landhaus_Osterholte_Front_3-690x459.jpg\" alt=\"Landhaus_Osterholte_Front_3\" width=\"284\" height=\"187\" \/><\/a><a href=\"http:\/\/www.landhaus-osterholte.de\/wordpress\/wp-content\/uploads\/2014\/01\/Landhaus_Osterholte_Front_4.jpg\"><img loading=\"lazy\" decoding=\"async\" class=\"alignnone  wp-image-1483\" title=\"Landhaus_Osterholte_Front_4\" src=\"http:\/\/www.landhaus-osterholte.de\/wordpress\/wp-content\/uploads\/2014\/01\/Landhaus_Osterholte_Front_4-690x460.jpg\" alt=\"Landhaus_Osterholte_Front_4\" width=\"284\" height=\"187\" \/><\/a><\/p>\n","protected":false},"excerpt":{"rendered":"<p>Das Landhaus Osterholte liegt wundersch\u00f6n am Rande der Wildeshauser Geest. Rund 30 Minuten Autofahrt s\u00fcdlich von Bremen l\u00e4dt es zu einem Ausflug ein. Schon in den 50er und 60er Jahren wurden hier Hochzeiten gefeiert. In 1979 wurde die damalige &#8222;Gastst\u00e4tte Petermann&#8220; von Grund auf renoviert. Im Hauptgeb\u00e4ude wurden Clubzimmer eingerichtet, der Saal um eine gro\u00dfe &hellip; <\/p>\n<p class=\"link-more\"><a href=\"http:\/\/www.landhaus-osterholte.de\/wordpress\/landhaus-osterholte\/\" class=\"more-link\"><span class=\"screen-reader-text\">\u201eLandhaus Osterholte\u201c<\/span> weiterlesen<\/a><\/p>\n","protected":false},"author":1,"featured_media":0,"parent":0,"menu_order":1,"comment_status":"closed","ping_status":"closed","template":"","meta":{"footnotes":""},"class_list":["post-2","page","type-page","status-publish","hentry"],"_links":{"self":[{"href":"http:\/\/www.landhaus-osterholte.de\/wordpress\/wp-json\/wp\/v2\/pages\/2","targetHints":{"allow":["GET"]}}],"collection":[{"href":"http:\/\/www.landhaus-osterholte.de\/wordpress\/wp-json\/wp\/v2\/pages"}],"about":[{"href":"http:\/\/www.landhaus-osterholte.de\/wordpress\/wp-json\/wp\/v2\/types\/page"}],"author":[{"embeddable":true,"href":"http:\/\/www.landhaus-osterholte.de\/wordpress\/wp-json\/wp\/v2\/users\/1"}],"replies":[{"embeddable":true,"href":"http:\/\/www.landhaus-osterholte.de\/wordpress\/wp-json\/wp\/v2\/comments?post=2"}],"version-history":[{"count":11,"href":"http:\/\/www.landhaus-osterholte.de\/wordpress\/wp-json\/wp\/v2\/pages\/2\/revisions"}],"predecessor-version":[{"id":2785,"href":"http:\/\/www.landhaus-osterholte.de\/wordpress\/wp-json\/wp\/v2\/pages\/2\/revisions\/2785"}],"wp:attachment":[{"href":"http:\/\/www.landhaus-osterholte.de\/wordpress\/wp-json\/wp\/v2\/media?parent=2"}],"curies":[{"name":"wp","href":"https:\/\/api.w.org\/{rel}","templated":true}]}}