{"id":181,"date":"2014-02-12T14:04:15","date_gmt":"2014-02-12T12:04:15","guid":{"rendered":"http:\/\/www.landhaus-osterholte.de\/wordpress\/?page_id=181"},"modified":"2014-03-25T08:57:44","modified_gmt":"2014-03-25T06:57:44","slug":"feste-feiern","status":"publish","type":"page","link":"http:\/\/www.landhaus-osterholte.de\/wordpress\/feste-feiern\/","title":{"rendered":"Feste feiern"},"content":{"rendered":"<p><a href=\"http:\/\/www.landhaus-osterholte.de\/wordpress\/wp-content\/uploads\/2014\/03\/kutscheauftisch.png\"><img loading=\"lazy\" decoding=\"async\" class=\"alignnone  wp-image-1138\" title=\"kutscheauftisch\" alt=\"kutscheauftisch\" src=\"http:\/\/www.landhaus-osterholte.de\/wordpress\/wp-content\/uploads\/2014\/03\/kutscheauftisch.png\" width=\"693\" height=\"256\" srcset=\"http:\/\/www.landhaus-osterholte.de\/wordpress\/wp-content\/uploads\/2014\/03\/kutscheauftisch.png 619w, http:\/\/www.landhaus-osterholte.de\/wordpress\/wp-content\/uploads\/2014\/03\/kutscheauftisch-120x44.png 120w\" sizes=\"auto, (max-width: 693px) 100vw, 693px\" \/><\/a><br \/>\n<!--  uploads\/2014\/02\/feste-feiern-690x319.jpg --><br \/>\nEine Familienfeier ist ein einmaliges Erlebnis. Wir begleiten Sie vom pers\u00f6nlichen Vorbereitungsgespr\u00e4ch bis zur gelungenen Feier.<\/p>\n<h4>Unser Service f\u00fcr Sie<\/h4>\n<ul>\n<li>Individuelle, au\u00dfergew\u00f6hnliche und festliche Tischdekoration<\/li>\n<li>Historischer Saal aus dem 18. Jahrhundert f\u00fcr bis zu 150 G\u00e4ste<\/li>\n<li>Idyllischer Garten mit wundersch\u00f6nem Ausblick f\u00fcr Sektempfang und zum Feiern drau\u00dfen<\/li>\n<li>Vermittlung von \u00dcbernachtungsm\u00f6glichkeiten, Fotograf, DJ, Liveband und Floristin<\/li>\n<li>Fahrdienstorganisation per Taxidienst<\/li>\n<li>Ruheraum f\u00fcr Kleinkinder, Spielecke, behindertengerechtes WC<\/li>\n<li>Feiern bis in die fr\u00fchen Morgenstunden m\u00f6glich<\/li>\n<\/ul>\n<p style=\"text-align: center;\"><a class=\"mo-big-button\" title=\"Zum Kontaktformular\" href=\"http:\/\/www.landhaus-osterholte.de\/wordpress\/kontakt.html\">Jetzt anfragen<\/a><\/p>\n","protected":false},"excerpt":{"rendered":"<p>Eine Familienfeier ist ein einmaliges Erlebnis. Wir begleiten Sie vom pers\u00f6nlichen Vorbereitungsgespr\u00e4ch bis zur gelungenen Feier. Unser Service f\u00fcr Sie Individuelle, au\u00dfergew\u00f6hnliche und festliche Tischdekoration Historischer Saal aus dem 18. Jahrhundert f\u00fcr bis zu 150 G\u00e4ste Idyllischer Garten mit wundersch\u00f6nem Ausblick f\u00fcr Sektempfang und zum Feiern drau\u00dfen Vermittlung von \u00dcbernachtungsm\u00f6glichkeiten, Fotograf, DJ, Liveband und Floristin &hellip; <\/p>\n<p class=\"link-more\"><a href=\"http:\/\/www.landhaus-osterholte.de\/wordpress\/feste-feiern\/\" class=\"more-link\"><span class=\"screen-reader-text\">\u201eFeste feiern\u201c<\/span> weiterlesen<\/a><\/p>\n","protected":false},"author":1,"featured_media":0,"parent":0,"menu_order":8,"comment_status":"closed","ping_status":"closed","template":"","meta":{"footnotes":""},"class_list":["post-181","page","type-page","status-publish","hentry"],"_links":{"self":[{"href":"http:\/\/www.landhaus-osterholte.de\/wordpress\/wp-json\/wp\/v2\/pages\/181","targetHints":{"allow":["GET"]}}],"collection":[{"href":"http:\/\/www.landhaus-osterholte.de\/wordpress\/wp-json\/wp\/v2\/pages"}],"about":[{"href":"http:\/\/www.landhaus-osterholte.de\/wordpress\/wp-json\/wp\/v2\/types\/page"}],"author":[{"embeddable":true,"href":"http:\/\/www.landhaus-osterholte.de\/wordpress\/wp-json\/wp\/v2\/users\/1"}],"replies":[{"embeddable":true,"href":"http:\/\/www.landhaus-osterholte.de\/wordpress\/wp-json\/wp\/v2\/comments?post=181"}],"version-history":[{"count":11,"href":"http:\/\/www.landhaus-osterholte.de\/wordpress\/wp-json\/wp\/v2\/pages\/181\/revisions"}],"predecessor-version":[{"id":1147,"href":"http:\/\/www.landhaus-osterholte.de\/wordpress\/wp-json\/wp\/v2\/pages\/181\/revisions\/1147"}],"wp:attachment":[{"href":"http:\/\/www.landhaus-osterholte.de\/wordpress\/wp-json\/wp\/v2\/media?parent=181"}],"curies":[{"name":"wp","href":"https:\/\/api.w.org\/{rel}","templated":true}]}}