{"id":173,"date":"2014-02-12T11:35:34","date_gmt":"2014-02-12T09:35:34","guid":{"rendered":"http:\/\/www.landhaus-osterholte.de\/wordpress\/?page_id=173"},"modified":"2021-12-13T12:00:00","modified_gmt":"2021-12-13T10:00:00","slug":"datenschutzerklaerung","status":"publish","type":"page","link":"http:\/\/www.landhaus-osterholte.de\/wordpress\/datenschutzerklaerung\/","title":{"rendered":"Datenschutzerkl\u00e4rung"},"content":{"rendered":"<p>Diese Datenschutzerkl\u00e4rung kl\u00e4rt Nutzer \u00fcber die Art, den Umfang und Zwecke der Erhebung und Verwendung personenbezogener Daten durch den verantwortlichen Anbieter Landhaus Osterholte, F.E.S.T Gmbh, Osterholzer Str. 5, 28857 Syke, 04242-2202, anfrage@landhaus-osterholte.de auf dieser Website auf.<\/p>\n<p>Die rechtlichen Grundlagen des Datenschutzes finden sich im Bundesdatenschutzgesetz (BDSG) und dem Telemediengesetz (TMG).<\/p>\n<p>Grafiken, Sound, Text, Bilder, Animationen und Videos sowie deren Anordnung auf dieser Website unterliegen dem Schutz des Urheberrechts und anderer Schutzgesetze. Der Inhalt der Website darf nicht zu kommerziellen Zwecken kopiert, verbreitet, ver\u00e4ndert oder Dritten zug\u00e4nglich gemacht werden. Einige Seiten k\u00f6nnen au\u00dferdem Bilder enthalten, die dem Copyright Dritter unterliegen. Durch diese Website wird keine Lizenz zur Nutzung des geistigen Eigentums Dritter erteilt. Die Ver\u00f6ffentlichungsrechte f\u00fcr beliebige Nutzung k\u00f6nnen schriftlich vereinbart werden.<\/p>\n<p>Bei direkten oder indirekten Verweisen auf fremde Webseiten (&#8222;Hyperlinks&#8220;), die au\u00dferhalb unseres Verantwortungsbereiches liegen, w\u00fcrde eine Haftungsverpflichtung ausschlie\u00dflich in dem Fall in Kraft treten, in dem wir von den Inhalten Kenntnis haben und es technisch m\u00f6glich und zumutbar w\u00e4re, die Nutzung im Falle rechtswidriger Inhalte zu verhindern.<br \/>Wir erkl\u00e4ren hiermit ausdr\u00fccklich, dass zum Zeitpunkt der Linksetzung keine illegalen Inhalte auf den verlinkten Seiten erkennbar waren. Auf die aktuelle und zuk\u00fcnftige Gestaltung, die Inhalte oder die Urheberschaft der verlinkten\/verkn\u00fcpften Seiten haben wir keinerlei Einfluss. Deshalb distanzieren wir uns hiermit ausdr\u00fccklich von allen Inhalten aller verlinkten\/verkn\u00fcpften Seiten, die nach der Linksetzung ver\u00e4ndert wurden. Diese Feststellung gilt f\u00fcr alle innerhalb des eigenen Internetangebotes gesetzten Links und Verweise. F\u00fcr illegale, fehlerhafte oder unvollst\u00e4ndige Inhalte und insbesondere f\u00fcr Sch\u00e4den, die aus der Nutzung oder Nichtnutzung solcherart dargebotener Informationen entstehen, haftet allein der Anbieter der Seite, auf welche verwiesen wurde, nicht derjenige, der \u00fcber Links auf die jeweilige Ver\u00f6ffentlichung lediglich verweist.<\/p>\n<p>Dieses Angebot benutzt Google Analytics, einen Webanalysedienst der Google Inc. (\u201eGoogle\u201c). Google Analytics verwendet sog. \u201eCookies\u201c, Textdateien, die auf Computer der Nutzer gespeichert werden und die eine Analyse der Benutzung der Website durch sie erm\u00f6glichen. Die durch den Cookie erzeugten Informationen \u00fcber Benutzung dieser Website durch die Nutzer werden in der Regel an einen Server von Google in den USA \u00fcbertragen und dort gespeichert.<\/p>\n<p>Im Falle der Aktivierung der IP-Anonymisierung auf dieser Webseite, wird die IP-Adresse der Nutzer von Google jedoch innerhalb von Mitgliedstaaten der Europ\u00e4ischen Union oder in anderen Vertragsstaaten des Abkommens \u00fcber den Europ\u00e4ischen Wirtschaftsraum zuvor gek\u00fcrzt. Nur in Ausnahmef\u00e4llen wird die volle IP-Adresse an einen Server von Google in den USA \u00fcbertragen und dort gek\u00fcrzt. Die IP-Anonymisierung ist auf dieser Website aktiv. Im Auftrag des Betreibers dieser Website wird Google diese Informationen benutzen, um die Nutzung der Website durch die Nutzer auszuwerten, um Reports \u00fcber die Websiteaktivit\u00e4ten zusammenzustellen und um weitere mit der Websitenutzung und der Internetnutzung verbundene Dienstleistungen gegen\u00fcber dem Websitebetreiber zu erbringen.<\/p>\n<p>Die im Rahmen von Google Analytics von Ihrem Browser \u00fcbermittelte IP-Adresse wird nicht mit anderen Daten von Google zusammengef\u00fchrt. Die Nutzer k\u00f6nnen die Speicherung der Cookies durch eine entsprechende Einstellung Ihrer Browser-Software verhindern; Dieses Angebot weist die Nutzer jedoch darauf hin, dass Sie in diesem Fall gegebenenfalls nicht s\u00e4mtliche Funktionen dieser Website vollumf\u00e4nglich werden nutzen k\u00f6nnen. Die Nutzer k\u00f6nnen dar\u00fcber hinaus die Erfassung der durch das Cookie erzeugten und auf ihre Nutzung der Website bezogenen Daten (inkl. Ihrer IP-Adresse) an Google sowie die Verarbeitung dieser Daten durch Google verhindern, indem sie das unter dem folgenden Link verf\u00fcgbare Browser-Plugin herunterladen und installieren: http:\/\/tools.google.com\/dlpage\/gaoptout?hl=de.<\/p>\n<p>Cookies sind kleine Dateien, die es erm\u00f6glichen, auf dem Zugriffsger\u00e4t der Nutzer (PC, Smartphone o.\u00e4.) spezifische, auf das Ger\u00e4t bezogene Informationen zu speichern. Sie dienen zum einem der Benutzerfreundlichkeit von Webseiten und damit den Nutzern (z.B. Speicherung von Logindaten). Zum anderen dienen sie, um die statistische Daten der Webseitennutzung zu erfassen und sie zwecks Verbesserung des Angebotes analysieren zu k\u00f6nnen. Die Nutzer k\u00f6nnen auf den Einsatz der Cookies Einfluss nehmen. Die meisten Browser verf\u00fcgen eine Option, mit der das Speichern von Cookies eingeschr\u00e4nkt oder komplett verhindert wird. Allerdings wird darauf hingewiesen, dass die Nutzung und insbesondere der Nutzungskomfort ohne Cookies eingeschr\u00e4nkt werden.<\/p>\n<p>Alle Daten, die Sie uns \u00fcbermittelt haben, werden selbstverst\u00e4ndlich vertraulich behandelt. Wir stellen Ihre Daten grunds\u00e4tzlich nicht anderen zur Nutzung zur Verf\u00fcgung, auch nicht wenn Sie uns dazu Ihr Einverst\u00e4ndnis gegeben haben. Eine Ausnahme, die uns zur Preisgabe dieser Daten verpflichtet, w\u00e4re beispielsweise aufgrund gerichtlicher Verf\u00fcgung.<\/p>\n<p>Die Nutzung der im Rahmen des Impressums oder vergleichbarer Angaben ver\u00f6ffentlichten Kontaktdaten wie Postanschriften, Telefon- und Faxnummern sowie Emailadressen durch Dritte zur \u00dcbersendung von nicht ausdr\u00fccklich angeforderten Informationen ist nicht gestattet. Rechtliche Schritte gegen die Versender von sogenannten Spam-Mails bei Verst\u00f6\u00dfen gegen dieses Verbot sind ausdr\u00fccklich vorbehalten.<\/p>\n<p>Alle Datenerhebungen erfolgen auf der Grundlage der gesetzlichen Vorgaben der Europ\u00e4ischen Union. Ebenso die Gesetze zum Datenschutz und zur Datensicherheit der Bundesrepublik Deutschland. Diese Richtlinie gibt Auskunft dar\u00fcber wie wir mit Informationen umgehen, die w\u00e4hrend Ihres Besuches auf der Website erhoben werden.<\/p>\n<p>Personenbezogene Daten sind alle Informationen zu Ihrer Identit\u00e4t wie Ihr Name, Ihre Email-Adresse oder Ihre Postanschrift. Solche Daten werden nur dann gespeichert, wenn Sie uns diese im Rahmen einer Bewerbung, einer Newsletter-Anmeldung oder einer allgemeinen Mitteilung zur Verf\u00fcgung stellen. Zum Beispiel bei der Eingabe dieser Daten in ein Kontaktformular.<br \/>Wir nutzen Ihre pers\u00f6nlichen Daten ausschlie\u00dflich zu Zwecken der technischen Administration der Webseiten, um Ihnen Zugang zu besonderen Informationen zu geben und zur sonstigen Kommunikation mit Ihnen. Mitarbeiter der F.E.S.T. GmbH sind zur Vertraulichkeit verpflichtet.<br \/>Sie entscheiden frei dar\u00fcber, welche Daten und Informationen Sie uns zur Verf\u00fcgung stellen. Falls Sie keine Informationen \u00fcbermitteln wollen, sind m\u00f6glicherweise einzelne Serviceangebote, wie zum Beispiel ein Bewerbungsformular oder ein Kontaktformular auf unserer Website, f\u00fcr Sie nicht nutzbar.<\/p>\n<p>Wenn Sie auf unsere Website zugreifen, werden automatisch (also nicht \u00fcber eine Registrierung) allgemeine Informationen gesammelt, die nicht personenbezogen sind (z.B. verwendeter Internet-Browser, Anzahl der Besuche, durchschnittliche Verweilzeit, aufgerufene Seiten). Diese Informationen verwenden wir, um die Inhalte und Funktionalit\u00e4t unserer Website zu optimieren. Eine weitere Nutzung oder Weitergabe Ihrer Daten erfolgt auch in diesem Fall nicht. Bei der Nutzung unseres Website Angebotes wird dar\u00fcber hinaus zur technischen Qualit\u00e4tssicherung die IP-Adresse des Computers gespeichert, von dem aus Sie unseren Formulare nutzen. Sollte ein Missbrauch unseres Angebotes stattfinden, werden wir die Identifikationsdaten (IP-Adresse) jedes Nutzers im Rahmen der gesetzlichen Vorgaben an Strafverfolgungsbeh\u00f6rden oder sonstige berechtigte Dritte herausgeben, sofern diese Daten noch gespeichert sind.<\/p>\n<p>Wir treffen Vorkehrungen, um Ihre personenbezogenen Daten vor Verlust, Zerst\u00f6rung, Verf\u00e4lschung, Manipulation und unberechtigten Zugriff zu sch\u00fctzen. Die gesetzlichen Datenschutzbestimmungen der Bundesrepublik Deutschland werden dabei selbstverst\u00e4ndlich beachtet.<br \/>Diese Erkl\u00e4rung zum Datenschutz gilt f\u00fcr das Website Angebot von Landhaus Osterholte. Unsere Seiten k\u00f6nnen Links auf andere Firmen innerhalb und au\u00dferhalb vom Landhaus Osterholte enthalten, auf die sich diese Datenschutzerkl\u00e4rung nicht bezieht. Wenn Sie unsere Website verlassen, empfehlen wir, die Datenschutzrichtlinie jeder Website, die personenbezogene Daten sammelt, sorgf\u00e4ltig zu lesen.<br \/>Sollte diese Datenschutzrichtlinie ge\u00e4ndert werden, wird auf die \u00c4nderung auf unserer Homepage und an anderen geeigneten Stellen informiert!<\/p>\n<p>Unser Internetauftritt verwendet Social Plugins (\u201cPlugins\u201d) des sozialen Netzwerkes facebook.com, welches von der Facebook Inc., 1601 S. California Ave, Palo Alto, CA 94304, USA betrieben wird (\u201cFacebook\u201d). Die Plugins sind am Facebook-Logo erkennbar (wei\u00dfes &#8222;f&#8220; auf blauer Kachel) oder sind mit dem Zusatz \u201cFacebook Social Plugin\u201d gekennzeichnet. Die Liste und das Aussehen der Facebook Social Plugins kann hier eingesehen werden: <a title=\"Zur Liste Entwickler Plugins\" href=\"http:\/\/developers.facebook.com\/plugins\" target=\"_blank\" rel=\"noopener\">http:\/\/developers.facebook.com\/plugins<\/a>.<br \/>Wenn Sie eine Webseite unseres Internetauftritts aufrufen, die ein solches Plugin enth\u00e4lt, baut Ihr Browser eine direkte Verbindung mit den Servern von Facebook auf. Der Inhalt des Plugins wird von Facebook direkt an Ihren Browser \u00fcbermittelt und von diesem in die Webseite eingebunden. Wir haben daher keinen Einfluss auf den Umfang der Daten, die Facebook mit Hilfe dieses Plugins erhebt und informieren Sie entsprechend dem derzeitigen einsehbaren <a title=\"Zu FAQ Informationen auf facebook\" href=\"http:\/\/www.facebook.com\/help\/?faq=17512\" target=\"_blank\" rel=\"noopener\">Kenntnisstand<\/a>.<br \/>Durch die Einbindung der Plugins erh\u00e4lt Facebook die Information, dass Sie die entsprechende Seite unseres Internetauftritts aufgerufen haben. Sind Sie bei Facebook eingeloggt, kann Facebook den Besuch Ihrem Facebook-Konto zuordnen. Wenn Sie mit den Plugins interagieren, zum Beispiel den Like Button bet\u00e4tigen oder einen Kommentar abgeben, wird die entsprechende Information von Ihrem Browser direkt an Facebook \u00fcbermittelt und dort gespeichert. Falls Sie kein Mitglied von Facebook sind, besteht trotzdem die M\u00f6glichkeit, dass Facebook Ihre IP-Adresse in Erfahrung bringt und speichert.<br \/>Zweck und Umfang der Datenerhebung und die weitere Verarbeitung und Nutzung der Daten durch Facebook sowie Ihre diesbez\u00fcglichen Rechte und Einstellungsm\u00f6glichkeiten zum Schutz Ihrer Privatssph\u00e4re entnehmen Sie bitte den Datenschutzhinweisen von Facebook: <a title=\"Datenschutzhinweise facebook\" href=\"http:\/\/www.facebook.com\/policy.php\" target=\"_blank\" rel=\"noopener\">http:\/\/www.facebook.com\/policy.php<\/a>.<br \/>Wenn Sie Facebookmitglied sind und nicht m\u00f6chten, dass Facebook \u00fcber unseren Internetauftritt Daten \u00fcber Sie sammelt und mit Ihren bei Facebook gespeicherten Mitgliedsdaten verkn\u00fcpft, m\u00fcssen Sie sich vor Ihrem Besuch unseres Internetauftritts bei Facebook ausloggen.<br \/>Ebenfalls ist es m\u00f6glich Facebook-Social-Plugins mit Add-ons f\u00fcr Ihren Browser zu blocken, zum Beispiel mit dem \u201c<a title=\"Zum facebookblocker\" href=\"http:\/\/webgraph.com\/resources\/facebookblocker\/\" target=\"_blank\" rel=\"noopener\">Facebook Blocker<\/a>\u201c.<\/p>\n<p>Unser Internetauftritt verwendet die \u201c+1\u2033-Schaltfl\u00e4che des sozialen Netzwerkes Google Plus, welches von der Google Inc., 1600 Amphitheatre Parkway, Mountain View, CA 94043, United States betrieben wird (\u201cGoogle\u201d). Der Button ist an dem Zeichen \u201c+1\u2033 auf wei\u00dfem oder farbigen Hintergrund erkennbar.<br \/>Wenn Sie eine Webseite unseres Internetauftritts aufrufen, die eine solche Schaltfl\u00e4che enth\u00e4lt, baut Ihr Browser eine direkte Verbindung mit den Servern von Google auf. Der Inhalt der \u201c+1\u2033-Schaltfl\u00e4che wird von Google direkt an Ihren Browser \u00fcbermittelt und von diesem in die Webseite eingebunden. Wir haben daher keinen Einfluss auf den Umfang der Daten, die Google mit der Schaltfl\u00e4che erhebt, gehen jedoch davon aus, dass Ihre IP-Adresse mit erfasst wird.<br \/>Zweck und Umfang der Datenerhebung und die weitere Verarbeitung und Nutzung der Daten durch Google sowie Ihre diesbez\u00fcglichen Rechte und Einstellungsm\u00f6glichkeiten zum Schutz Ihrer Privatsph\u00e4re entnehmen Sie bitte Googles Datenschutzhinweisen zu der \u201c+1\u2033-Schaltfl\u00e4che: <a title=\"Zur Google Datenschutzerkl\u00e4rung\" href=\"http:\/\/www.google.com\/intl\/de\/+\/policy\/+1button.html\" target=\"_blank\" rel=\"noopener\">http:\/\/www.google.com\/intl\/de\/+\/policy\/+1button.html<\/a>.<br \/>Wenn Sie Google Plus-Mitglied sind und nicht m\u00f6chten, dass Google \u00fcber unseren Internetauftritt Daten \u00fcber Sie sammelt und mit Ihren bei Google gespeicherten Mitgliedsdaten verkn\u00fcpft, m\u00fcssen Sie sich vor Ihrem Besuch unseres Internetauftritts bei Google Plus ausloggen.<\/p>\n<p>Auf unseren Seiten sind Funktionen des Dienstes Twitter eingebunden. Diese Funktionen werden angeboten durch die Twitter Inc., 795 Folsom St., Suite 600, San Francisco, CA 94107, USA. Durch das Benutzen von Twitter und der Funktion \u201cRe-Tweet\u201d werden die von Ihnen besuchten Webseiten mit Ihrem Twitter-Account verkn\u00fcpft und anderen Nutzern bekannt gegeben. Dabei werden auch Daten an Twitter \u00fcbertragen.<br \/>Wir weisen darauf hin, dass wir als Anbieter der Seiten keine Kenntnis vom Inhalt der \u00fcbermittelten Daten sowie deren Nutzung durch Twitter erhalten. Weitere Informationen hierzu finden Sie in der <a title=\"Zur Twitter Datenschutzerkl\u00e4rung\" href=\"http:\/\/twitter.com\/privacy\" target=\"_blank\" rel=\"noopener\">Datenschutzerkl\u00e4rung von Twitter<\/a>.<br \/>Ihre Datenschutzeinstellungen bei Twitter k\u00f6nnen Sie in den <a title=\"Zu den Twitter Konto-Einstellungen\" href=\"http:\/\/twitter.com\/account\/settings\" target=\"_blank\" rel=\"noopener\">Konto-Einstellungen<\/a> \u00e4ndern.<\/p>\n<p>Die Inhalte dieser Website werden unter Ausschluss jeglicher Gew\u00e4hrleistung zur Verf\u00fcgung gestellt. Der Nutzer wird ausdr\u00fccklich darauf hingewiesen, dass die Website Tippfehler sowie falsche, unvollst\u00e4ndige oder \u00fcberholte Informationen enthalten kann. Die Nutzung der auf dieser Website zur Verf\u00fcgung gestellten Inhalte erfolgt auf alleinige Gefahr des Nutzers. Wir \u00fcbernehmen insbesondere keine Haftung f\u00fcr die Richtigkeit, Vollst\u00e4ndigkeit oder Brauchbarkeit der auf dieser Website zu findenden Informationen f\u00fcr einen bestimmten Zweck. Ausdr\u00fccklich sind wir nicht verantwortlich, wenn der Nutzer im Vertrauen auf die Fehlerfreiheit und Vollst\u00e4ndigkeit der Inhalte Handlungen vornimmt oder unterl\u00e4sst und ihm infolge dessen Sch\u00e4den entstehen. Falls die Nutzung dieser Website bzw. der auf ihr angebotenen Inhalte dazu f\u00fchrt, dass Sie Ihre Ger\u00e4te oder Ihre Daten warten, reparieren, austauschen oder sonstwie korrigieren m\u00fcssen, \u00fcbernehmen wir hierf\u00fcr keinerlei Kosten. Das Landhaus Osterholte kann auch nicht f\u00fcr entgangene Vorteile, Vertr\u00e4ge oder sonstige unmittelbare oder mittelbare Sch\u00e4den, die aus diesen Informationen entstehen k\u00f6nnen, haftbar gemacht werden.<\/p>\n<p style=\"text-align: left;\">Wir sind bestrebt, in allen Publikationen die Urheberrechte der verwendeten Bilder, Grafiken, Tondokumente, Videosequenzen und Texte zu beachten, von uns selbst erstellte Bilder, Grafiken, Tondokumente, Videosequenzen und Texte zu nutzen oder auf lizenzfreie Grafiken, Tondokumente, Videosequenzen und Texte zur\u00fcckzugreifen.<br \/>Alle innerhalb des Internetangebotes genannten und ggf. durch Dritte gesch\u00fctzten Marken- und Warenzeichen unterliegen uneingeschr\u00e4nkt den Bestimmungen des jeweils g\u00fcltigen Kennzeichenrechts und den Besitzrechten der jeweiligen eingetragenen Eigent\u00fcmer. Allein aufgrund der blo\u00dfen Nennung ist nicht der Schluss zu ziehen, dass Markenzeichen nicht durch Rechte Dritter gesch\u00fctzt sind! Bei Unstimmigkeiten wenden Sie sich bitte an anfrage@landhaus-osterholte.de.<\/p>\n<p>Ausk\u00fcnfte, Sperrungs-, L\u00f6schungs- und Berichtigungsw\u00fcnsche zu Ihren Daten und gerne auch Anregungen k\u00f6nnen Sie jederzeit per Email: <a title=\"Email an Landhaus Osterholte\" href=\"mailto:anfrage@landhaus-osterholte.de\">anfrage@landhaus-osterholte.de<\/a> oder Brief an folgende Adresse senden: Landhaus Osterholte, F.E.S.T. GmbH,<br \/>Osterholzer Str. 5, 28857 Syke-Osterholz.<\/p>\n\n\n<p><\/p>\n","protected":false},"excerpt":{"rendered":"<p>Diese Datenschutzerkl\u00e4rung kl\u00e4rt Nutzer \u00fcber die Art, den Umfang und Zwecke der Erhebung und Verwendung personenbezogener Daten durch den verantwortlichen Anbieter Landhaus Osterholte, F.E.S.T Gmbh, Osterholzer Str. 5, 28857 Syke, 04242-2202, anfrage@landhaus-osterholte.de auf dieser Website auf. Die rechtlichen Grundlagen des Datenschutzes finden sich im Bundesdatenschutzgesetz (BDSG) und dem Telemediengesetz (TMG). Grafiken, Sound, Text, Bilder, Animationen &hellip; <\/p>\n<p class=\"link-more\"><a href=\"http:\/\/www.landhaus-osterholte.de\/wordpress\/datenschutzerklaerung\/\" class=\"more-link\"><span class=\"screen-reader-text\">\u201eDatenschutzerkl\u00e4rung\u201c<\/span> weiterlesen<\/a><\/p>\n","protected":false},"author":1,"featured_media":0,"parent":0,"menu_order":13,"comment_status":"closed","ping_status":"closed","template":"","meta":{"footnotes":""},"class_list":["post-173","page","type-page","status-publish","hentry"],"_links":{"self":[{"href":"http:\/\/www.landhaus-osterholte.de\/wordpress\/wp-json\/wp\/v2\/pages\/173","targetHints":{"allow":["GET"]}}],"collection":[{"href":"http:\/\/www.landhaus-osterholte.de\/wordpress\/wp-json\/wp\/v2\/pages"}],"about":[{"href":"http:\/\/www.landhaus-osterholte.de\/wordpress\/wp-json\/wp\/v2\/types\/page"}],"author":[{"embeddable":true,"href":"http:\/\/www.landhaus-osterholte.de\/wordpress\/wp-json\/wp\/v2\/users\/1"}],"replies":[{"embeddable":true,"href":"http:\/\/www.landhaus-osterholte.de\/wordpress\/wp-json\/wp\/v2\/comments?post=173"}],"version-history":[{"count":8,"href":"http:\/\/www.landhaus-osterholte.de\/wordpress\/wp-json\/wp\/v2\/pages\/173\/revisions"}],"predecessor-version":[{"id":2723,"href":"http:\/\/www.landhaus-osterholte.de\/wordpress\/wp-json\/wp\/v2\/pages\/173\/revisions\/2723"}],"wp:attachment":[{"href":"http:\/\/www.landhaus-osterholte.de\/wordpress\/wp-json\/wp\/v2\/media?parent=173"}],"curies":[{"name":"wp","href":"https:\/\/api.w.org\/{rel}","templated":true}]}}