{"id":171,"date":"2014-02-12T11:35:14","date_gmt":"2014-02-12T09:35:14","guid":{"rendered":"http:\/\/www.landhaus-osterholte.de\/wordpress\/?page_id=171"},"modified":"2024-12-04T21:45:39","modified_gmt":"2024-12-04T19:45:39","slug":"impressum","status":"publish","type":"page","link":"http:\/\/www.landhaus-osterholte.de\/wordpress\/impressum\/","title":{"rendered":"Impressum"},"content":{"rendered":"<div id=\"impressum\">\n<div class=\"adresse-li\">Unternehmen:<\/div>\n<div class=\"adresse-re\">Landhaus Osterholte<br \/>\nF.E.S.T. GmbH<\/div>\n<div class=\"cleared\"><\/div>\n<div class=\"separator_15\"><\/div>\n<div class=\"adresse-li\">Gesch\u00e4ftsf\u00fchrer:<\/div>\n<div class=\"adresse-re\">Roland Walde<\/div>\n<div class=\"cleared\"><\/div>\n<div class=\"separator_15\"><\/div>\n<div class=\"adresse-li\">Anschrift:<\/div>\n<div class=\"adresse-re\">28857 Syke-Osterholz<br \/>\nOsterholzer Str. 5<\/div>\n<div class=\"cleared\"><\/div>\n<div class=\"separator_15\"><\/div>\n<div class=\"adresse-li\">Telefon:<br \/>\nEmail:<br \/>\nInternet:<\/div>\n<div class=\"adresse-re\">04242 &#8211; 22 02<br \/>\n<a title=\"Email an Landhaus Osterholte\" href=\"mailto:info@landhaus-osterholte.de\">anfrage@landhaus-osterholte.de<\/a><br \/>\n<a title=\"Hier sind Sie schon\" href=\"http:\/\/www.landhaus-osterholte.de\">www.landhaus-osterholte.de<\/a><\/div>\n<div class=\"cleared\"><\/div>\n<div class=\"separator_15\"><\/div>\n<div class=\"adresse-li\">Registergericht:<br \/>\nRegisternummer:<\/div>\n<div class=\"adresse-re\">Amtsgericht Walsrode<br \/>\nHRB 201901<\/div>\n<div class=\"cleared\"><\/div>\n<div class=\"separator_15\"><\/div>\n<div class=\"adresse-li\">St.-Nr.:<\/div>\n<div class=\"adresse-re\">1135\/429\/00151<\/div>\n<div class=\"cleared\"><\/div>\n<div class=\"separator_15\"><\/div>\n<div class=\"adresse-li\">Inhaltlich verantwortlich:<\/div>\n<div class=\"adresse-re\">Roland Walde<\/div>\n<div class=\"cleared\"><\/div>\n<div class=\"separator_15\"><\/div>\n<div class=\"adresse-li\">Quelle Fotos:<\/div>\n<div class=\"adresse-re\">\u00a9 Landhaus Osterholte<\/div>\n<div class=\"cleared\"><\/div>\n<div class=\"separator_30\"><\/div>\n<\/div>\n<p><strong>Haftungsausschluss:<\/strong><br \/>\nTrotz sorgf\u00e4ltiger inhaltlicher Kontrolle \u00fcbernehmen wir keine Haftung f\u00fcr die Inhalte externer Links.<br \/>\nF\u00fcr den Inhalt der verlinkten Seiten sind ausschlie\u00dflich deren Betreiber verantwortlich.<\/p>\n<div class=\"separator_30\"><\/div>\n<p><a title=\"Datenschutzerkl\u00e4rung\" href=\"http:\/\/www.landhaus-osterholte.de\/wordpress\/datenschutzerklaerung\/\">Hier<\/a> geht es zur Datenschutzerkl\u00e4rung.<\/p>\n","protected":false},"excerpt":{"rendered":"<p>Unternehmen: Landhaus Osterholte F.E.S.T. GmbH Gesch\u00e4ftsf\u00fchrer: Roland Walde Anschrift: 28857 Syke-Osterholz Osterholzer Str. 5 Telefon: Email: Internet: 04242 &#8211; 22 02 anfrage@landhaus-osterholte.de www.landhaus-osterholte.de Registergericht: Registernummer: Amtsgericht Walsrode HRB 201901 St.-Nr.: 1135\/429\/00151 Inhaltlich verantwortlich: Roland Walde Quelle Fotos: \u00a9 Landhaus Osterholte Haftungsausschluss: Trotz sorgf\u00e4ltiger inhaltlicher Kontrolle \u00fcbernehmen wir keine Haftung f\u00fcr die Inhalte externer Links. F\u00fcr &hellip; <\/p>\n<p class=\"link-more\"><a href=\"http:\/\/www.landhaus-osterholte.de\/wordpress\/impressum\/\" class=\"more-link\"><span class=\"screen-reader-text\">\u201eImpressum\u201c<\/span> weiterlesen<\/a><\/p>\n","protected":false},"author":1,"featured_media":0,"parent":0,"menu_order":12,"comment_status":"closed","ping_status":"closed","template":"","meta":{"footnotes":""},"class_list":["post-171","page","type-page","status-publish","hentry"],"_links":{"self":[{"href":"http:\/\/www.landhaus-osterholte.de\/wordpress\/wp-json\/wp\/v2\/pages\/171","targetHints":{"allow":["GET"]}}],"collection":[{"href":"http:\/\/www.landhaus-osterholte.de\/wordpress\/wp-json\/wp\/v2\/pages"}],"about":[{"href":"http:\/\/www.landhaus-osterholte.de\/wordpress\/wp-json\/wp\/v2\/types\/page"}],"author":[{"embeddable":true,"href":"http:\/\/www.landhaus-osterholte.de\/wordpress\/wp-json\/wp\/v2\/users\/1"}],"replies":[{"embeddable":true,"href":"http:\/\/www.landhaus-osterholte.de\/wordpress\/wp-json\/wp\/v2\/comments?post=171"}],"version-history":[{"count":7,"href":"http:\/\/www.landhaus-osterholte.de\/wordpress\/wp-json\/wp\/v2\/pages\/171\/revisions"}],"predecessor-version":[{"id":2757,"href":"http:\/\/www.landhaus-osterholte.de\/wordpress\/wp-json\/wp\/v2\/pages\/171\/revisions\/2757"}],"wp:attachment":[{"href":"http:\/\/www.landhaus-osterholte.de\/wordpress\/wp-json\/wp\/v2\/media?parent=171"}],"curies":[{"name":"wp","href":"https:\/\/api.w.org\/{rel}","templated":true}]}}