{"id":1599,"date":"2014-07-08T13:42:17","date_gmt":"2014-07-08T11:42:17","guid":{"rendered":"http:\/\/www.landhaus-osterholte.de\/wordpress\/?page_id=1599"},"modified":"2024-12-04T21:30:59","modified_gmt":"2024-12-04T19:30:59","slug":"menue-und-buffetvorschlaege","status":"publish","type":"page","link":"http:\/\/www.landhaus-osterholte.de\/wordpress\/menue-und-buffetvorschlaege\/","title":{"rendered":"Men\u00fc- &#038; Buffetvorschl\u00e4ge"},"content":{"rendered":"<p style=\"text-align: center;\">F\u00fcr Informationen \u00fcber unsere Preise kontaktieren Sie uns bitte \u00fcber unser Kontaktformular.<\/p>\n<p style=\"text-align: center;\">Unsere Men\u00fc- &amp; Buffetvorschl\u00e4ge werden Sie begeistern.<\/p>\n<p style=\"text-align: center;\"><a href=\"http:\/\/www.landhaus-osterholte.de\/wordpress\/kontakt\/\">Jetzt anfragen.<\/a><\/p>\n\n\n<p><\/p>\n","protected":false},"excerpt":{"rendered":"<p>F\u00fcr Informationen \u00fcber unsere Preise kontaktieren Sie uns bitte \u00fcber unser Kontaktformular. Unsere Men\u00fc- &amp; Buffetvorschl\u00e4ge werden Sie begeistern. Jetzt anfragen.<\/p>\n","protected":false},"author":2,"featured_media":0,"parent":0,"menu_order":0,"comment_status":"closed","ping_status":"open","template":"","meta":{"footnotes":""},"class_list":["post-1599","page","type-page","status-publish","hentry"],"_links":{"self":[{"href":"http:\/\/www.landhaus-osterholte.de\/wordpress\/wp-json\/wp\/v2\/pages\/1599","targetHints":{"allow":["GET"]}}],"collection":[{"href":"http:\/\/www.landhaus-osterholte.de\/wordpress\/wp-json\/wp\/v2\/pages"}],"about":[{"href":"http:\/\/www.landhaus-osterholte.de\/wordpress\/wp-json\/wp\/v2\/types\/page"}],"author":[{"embeddable":true,"href":"http:\/\/www.landhaus-osterholte.de\/wordpress\/wp-json\/wp\/v2\/users\/2"}],"replies":[{"embeddable":true,"href":"http:\/\/www.landhaus-osterholte.de\/wordpress\/wp-json\/wp\/v2\/comments?post=1599"}],"version-history":[{"count":18,"href":"http:\/\/www.landhaus-osterholte.de\/wordpress\/wp-json\/wp\/v2\/pages\/1599\/revisions"}],"predecessor-version":[{"id":2751,"href":"http:\/\/www.landhaus-osterholte.de\/wordpress\/wp-json\/wp\/v2\/pages\/1599\/revisions\/2751"}],"wp:attachment":[{"href":"http:\/\/www.landhaus-osterholte.de\/wordpress\/wp-json\/wp\/v2\/media?parent=1599"}],"curies":[{"name":"wp","href":"https:\/\/api.w.org\/{rel}","templated":true}]}}