{"id":1485,"date":"2014-06-06T11:26:32","date_gmt":"2014-06-06T09:26:32","guid":{"rendered":"http:\/\/www.landhaus-osterholte.de\/wordpress\/?page_id=1485"},"modified":"2014-06-06T12:47:19","modified_gmt":"2014-06-06T10:47:19","slug":"das-foyer","status":"publish","type":"page","link":"http:\/\/www.landhaus-osterholte.de\/wordpress\/das-foyer\/","title":{"rendered":"Das Foyer"},"content":{"rendered":"<p><a class=\"thickbox\" title=\"Das Foyer im Landhaus Osterholte\" href=\"http:\/\/www.landhaus-osterholte.de\/wordpress\/wp-content\/uploads\/2014\/06\/Foyer_1.jpg\" rel=\"next\"><img loading=\"lazy\" decoding=\"async\" class=\"size-medium wp-image-1486 alignnone\" title=\"Das Foyer im Landhaus Osterholte\" alt=\"Das Foyer im Landhaus Osterholte\" src=\"http:\/\/www.landhaus-osterholte.de\/wordpress\/wp-content\/uploads\/2014\/06\/Foyer_1-690x282.jpg\" width=\"690\" height=\"282\" srcset=\"http:\/\/www.landhaus-osterholte.de\/wordpress\/wp-content\/uploads\/2014\/06\/Foyer_1-690x282.jpg 690w, http:\/\/www.landhaus-osterholte.de\/wordpress\/wp-content\/uploads\/2014\/06\/Foyer_1-1024x418.jpg 1024w, http:\/\/www.landhaus-osterholte.de\/wordpress\/wp-content\/uploads\/2014\/06\/Foyer_1-120x49.jpg 120w, http:\/\/www.landhaus-osterholte.de\/wordpress\/wp-content\/uploads\/2014\/06\/Foyer_1.jpg 2000w\" sizes=\"auto, (max-width: 690px) 100vw, 690px\" \/><\/a>Im Foyer des Landhaus Osterholte k\u00f6nnen Sie entspannt ankommen. Eine gro\u00dfe Lounge-Sitzgruppe l\u00e4dt zum Verweilen ein. Mit der aktuellen Tagespresse sind Sie jederzeit informiert. Ein Espresso zum Finale eines leckeren Essens l\u00e4\u00dft den Abend bei uns gem\u00fctlich ausklingen, im Winter am knisternden Kaminfeuer und im Sommer beim Aquarium. Um sich die sch\u00f6ne Landschaft anzuschauen k\u00f6nnen Sie im Frisiersalon unsere bequemen Frisierst\u00fchle nutzen. Hier ist auch unsere Garderobe untergebracht.<\/p>\n<p><a class=\"thickbox\" title=\"Der Frisiersalon\" href=\"http:\/\/www.landhaus-osterholte.de\/wordpress\/wp-content\/uploads\/2014\/06\/Foyer_2.jpg\" rel=\"next\"><img loading=\"lazy\" decoding=\"async\" class=\"alignnone  wp-image-1487\" title=\"Der Frisiersalon\" alt=\"\" src=\"http:\/\/www.landhaus-osterholte.de\/wordpress\/wp-content\/uploads\/2014\/06\/Foyer_2-690x904.jpg\" width=\"250\" height=\"329\" srcset=\"http:\/\/www.landhaus-osterholte.de\/wordpress\/wp-content\/uploads\/2014\/06\/Foyer_2-690x904.jpg 690w, http:\/\/www.landhaus-osterholte.de\/wordpress\/wp-content\/uploads\/2014\/06\/Foyer_2-781x1024.jpg 781w, http:\/\/www.landhaus-osterholte.de\/wordpress\/wp-content\/uploads\/2014\/06\/Foyer_2-61x80.jpg 61w, http:\/\/www.landhaus-osterholte.de\/wordpress\/wp-content\/uploads\/2014\/06\/Foyer_2.jpg 1526w\" sizes=\"auto, (max-width: 250px) 100vw, 250px\" \/><\/a><\/p>\n","protected":false},"excerpt":{"rendered":"<p>Im Foyer des Landhaus Osterholte k\u00f6nnen Sie entspannt ankommen. Eine gro\u00dfe Lounge-Sitzgruppe l\u00e4dt zum Verweilen ein. Mit der aktuellen Tagespresse sind Sie jederzeit informiert. Ein Espresso zum Finale eines leckeren Essens l\u00e4\u00dft den Abend bei uns gem\u00fctlich ausklingen, im Winter am knisternden Kaminfeuer und im Sommer beim Aquarium. Um sich die sch\u00f6ne Landschaft anzuschauen k\u00f6nnen &hellip; <\/p>\n<p class=\"link-more\"><a href=\"http:\/\/www.landhaus-osterholte.de\/wordpress\/das-foyer\/\" class=\"more-link\"><span class=\"screen-reader-text\">\u201eDas Foyer\u201c<\/span> weiterlesen<\/a><\/p>\n","protected":false},"author":2,"featured_media":0,"parent":0,"menu_order":0,"comment_status":"closed","ping_status":"open","template":"","meta":{"footnotes":""},"class_list":["post-1485","page","type-page","status-publish","hentry"],"_links":{"self":[{"href":"http:\/\/www.landhaus-osterholte.de\/wordpress\/wp-json\/wp\/v2\/pages\/1485","targetHints":{"allow":["GET"]}}],"collection":[{"href":"http:\/\/www.landhaus-osterholte.de\/wordpress\/wp-json\/wp\/v2\/pages"}],"about":[{"href":"http:\/\/www.landhaus-osterholte.de\/wordpress\/wp-json\/wp\/v2\/types\/page"}],"author":[{"embeddable":true,"href":"http:\/\/www.landhaus-osterholte.de\/wordpress\/wp-json\/wp\/v2\/users\/2"}],"replies":[{"embeddable":true,"href":"http:\/\/www.landhaus-osterholte.de\/wordpress\/wp-json\/wp\/v2\/comments?post=1485"}],"version-history":[{"count":7,"href":"http:\/\/www.landhaus-osterholte.de\/wordpress\/wp-json\/wp\/v2\/pages\/1485\/revisions"}],"predecessor-version":[{"id":1510,"href":"http:\/\/www.landhaus-osterholte.de\/wordpress\/wp-json\/wp\/v2\/pages\/1485\/revisions\/1510"}],"wp:attachment":[{"href":"http:\/\/www.landhaus-osterholte.de\/wordpress\/wp-json\/wp\/v2\/media?parent=1485"}],"curies":[{"name":"wp","href":"https:\/\/api.w.org\/{rel}","templated":true}]}}